{"id":28696,"date":"2024-07-30T18:35:39","date_gmt":"2024-07-30T18:35:39","guid":{"rendered":"https:\/\/www.kreativkaffee.de\/?page_id=28696"},"modified":"2025-09-24T09:08:33","modified_gmt":"2025-09-24T09:08:33","slug":"grafikdesign","status":"publish","type":"page","link":"https:\/\/www.derkreativdackel.de\/?page_id=28696","title":{"rendered":"Grafikdesign"},"content":{"rendered":"\t\t<div data-elementor-type=\"wp-page\" data-elementor-id=\"28696\" class=\"elementor elementor-28696\" data-elementor-post-type=\"page\">\n\t\t\t\t<div class=\"elementor-element elementor-element-51e5c285 thegem-e-con-layout-thegem e-flex e-con-boxed e-con e-parent\" data-id=\"51e5c285\" data-element_type=\"container\" data-settings=\"{&quot;thegem_container_layout&quot;:&quot;thegem&quot;,&quot;background_background&quot;:&quot;classic&quot;}\">\n\t\t\t\t\t<div class=\"e-con-inner\">\n\t\t\t\t<div class=\"elementor-element elementor-element-2cd10f4f elementor-widget__width-initial flex-horizontal-align-default flex-horizontal-align-tablet-default flex-horizontal-align-mobile-default flex-vertical-align-default flex-vertical-align-tablet-default flex-vertical-align-mobile-default exad-sticky-section-no exad-glass-effect-no elementor-widget elementor-widget-thegem-animated-heading\" data-id=\"2cd10f4f\" data-element_type=\"widget\" data-widget_type=\"thegem-animated-heading.default\">\n\t\t\t\t<div class=\"elementor-widget-container\">\n\t\t\t\t\t<h2 class=\"thegem-heading thegem-animated-heading title-h2 thegem-heading-animate lines-slide-up\" id=\"thegem-heading-2cd10f4f\" data-animation-name=\"lines-slide-up\" data-animation-interval=\"80\"><span class=\"thegem-heading-word\">Grafikdesign<\/span><\/h2><style type=\"text\/css\">#thegem-heading-2cd10f4f {margin: 0;}#thegem-heading-2cd10f4f {margin-left: auto; margin-right: auto;}#thegem-heading-2cd10f4f > * {justify-content: center;}<\/style>\t\t\t\t<\/div>\n\t\t\t\t<\/div>\n\t\t\t\t<div class=\"elementor-element elementor-element-14f0243f elementor-widget__width-inherit elementor-hidden-tablet elementor-hidden-mobile flex-horizontal-align-default flex-horizontal-align-tablet-default flex-horizontal-align-mobile-default flex-vertical-align-default flex-vertical-align-tablet-default flex-vertical-align-mobile-default exad-sticky-section-no exad-glass-effect-no elementor-widget elementor-widget-thegem-animated-heading\" data-id=\"14f0243f\" data-element_type=\"widget\" data-widget_type=\"thegem-animated-heading.default\">\n\t\t\t\t<div class=\"elementor-widget-container\">\n\t\t\t\t\t<h2 class=\"thegem-heading thegem-animated-heading title-h2 thegem-heading-animate lines-slide-up\" id=\"thegem-heading-14f0243f\" data-animation-name=\"lines-slide-up\" data-animation-interval=\"80\"><span class=\"thegem-heading-word\">au\u00dfergew\u00f6hnlich<\/span> <span class=\"thegem-heading-word\">-<\/span> <span class=\"thegem-heading-word\">pers\u00f6nlich<\/span> <span class=\"thegem-heading-word\">-<\/span> <span class=\"thegem-heading-word\">dynamisch<\/span><\/h2><style type=\"text\/css\">#thegem-heading-14f0243f {margin: 0;}#thegem-heading-14f0243f {margin-left: auto; margin-right: auto;}#thegem-heading-14f0243f > * {justify-content: center;}<\/style>\t\t\t\t<\/div>\n\t\t\t\t<\/div>\n\t\t\t\t<div class=\"elementor-element elementor-element-b0733e6 flex-horizontal-align-default flex-horizontal-align-tablet-default flex-horizontal-align-mobile-default flex-vertical-align-default flex-vertical-align-tablet-default flex-vertical-align-mobile-default exad-sticky-section-no exad-glass-effect-no elementor-widget elementor-widget-spacer\" data-id=\"b0733e6\" data-element_type=\"widget\" data-widget_type=\"spacer.default\">\n\t\t\t\t<div class=\"elementor-widget-container\">\n\t\t\t\t\t\t\t<div class=\"elementor-spacer\">\n\t\t\t<div class=\"elementor-spacer-inner\"><\/div>\n\t\t<\/div>\n\t\t\t\t\t\t<\/div>\n\t\t\t\t<\/div>\n\t\t\t\t\t<\/div>\n\t\t\t\t<\/div>\n\t\t<div class=\"elementor-element elementor-element-8889ae5 thegem-e-con-layout-elementor e-flex e-con-boxed e-con e-parent\" data-id=\"8889ae5\" data-element_type=\"container\" data-settings=\"{&quot;thegem_container_layout&quot;:&quot;elementor&quot;}\">\n\t\t\t\t\t<div class=\"e-con-inner\">\n\t\t<div class=\"elementor-element elementor-element-a6f76fb thegem-e-con-layout-thegem e-con-full e-flex e-con e-child\" data-id=\"a6f76fb\" data-element_type=\"container\" data-settings=\"{&quot;thegem_container_layout&quot;:&quot;thegem&quot;}\">\n\t\t<div class=\"elementor-element elementor-element-1173e28 e-con-full thegem-e-con-layout-thegem e-flex e-con e-child\" data-id=\"1173e28\" data-element_type=\"container\" data-settings=\"{&quot;thegem_container_layout&quot;:&quot;thegem&quot;}\">\n\t\t\t\t<div class=\"elementor-element elementor-element-a132cc2 elementor-widget__width-initial flex-horizontal-align-default flex-horizontal-align-tablet-default flex-horizontal-align-mobile-default flex-vertical-align-default flex-vertical-align-tablet-default flex-vertical-align-mobile-default exad-sticky-section-no elementor-widget elementor-widget-exad-post-grid\" data-id=\"a132cc2\" data-element_type=\"widget\" data-widget_type=\"exad-post-grid.default\">\n\t\t\t\t<div class=\"elementor-widget-container\">\n\t\t\t\t\t\t\t\r\n\r\n\t\t<div class=\"exad-post-grid\">\r\n\t\t\t<div class=\"exad-row-wrapper\">\r\n\t\t\t\t\r\n<article class=\"exad-post-grid-three exad-col  \">\r\n    <div class=\"exad-post-grid-container image-position-top exad-post-grid-equal-height-\">\r\n                    <figure class=\"exad-post-grid-thumbnail\">\r\n                <a href=\"https:\/\/www.derkreativdackel.de\/?p=30275\">\r\n                    <img width=\"2048\" height=\"661\" data-src=\"https:\/\/www.derkreativdackel.de\/wp-content\/uploads\/2024\/07\/Der-rote-Faden-2048x661.png\" class=\"attachment-2048x2048 size-2048x2048 wp-post-image lazyload\" alt=\"\" src=\"data:image\/gif;base64,R0lGODlhAQABAAAAACH5BAEKAAEALAAAAAABAAEAAAICTAEAOw==\" style=\"--smush-placeholder-width: 2048px; --smush-placeholder-aspect-ratio: 2048\/661;\" \/>                <\/a>\r\n                \r\n                            <\/figure>\r\n        \t\t\r\n\t\t        <div class=\"exad-post-grid-body\">\r\n            \t\t\t\t\r\n\t\t\t\t\t\t\t\r\n                    <h3>\r\n\t\t\t\t\t\r\n\t\t\t\t\t\t\t\t\r\n                        <a href=\"https:\/\/www.derkreativdackel.de\/?p=30275\" class=\"exad-post-grid-title\">Corporate Design<\/a>\r\n\t\t\t\t\t\t\r\n\t\t\t\t\t\t\r\n                    <\/h3>\r\n\t\t\t\t\t\r\n\t\t\t\t\t\t\t\t\r\n                                <div class=\"exad-post-grid-description\">\r\n                    Der rote Faden: das Corporate Design Das Logo, die Layouts...                <\/div>\r\n                            <div class=\"exad-post-footer\"><a href=\"https:\/\/www.derkreativdackel.de\/?p=30275\" target=\"_self\" class=\"read-more\">zum Beitrag<\/a><\/div>\r\n            \r\n        <\/div>\r\n        \t\t\r\n\t\t\t\t\r\n    <\/div>\r\n<\/article>\r\n\r\n<article class=\"exad-post-grid-three exad-col  \">\r\n    <div class=\"exad-post-grid-container image-position-top exad-post-grid-equal-height-\">\r\n                    <figure class=\"exad-post-grid-thumbnail\">\r\n                <a href=\"https:\/\/www.derkreativdackel.de\/?p=30324\">\r\n                    <img width=\"1605\" height=\"911\" data-src=\"https:\/\/www.derkreativdackel.de\/wp-content\/uploads\/2024\/07\/AdobeStock_253485989-1536x941-1.jpg\" class=\"attachment-2048x2048 size-2048x2048 wp-post-image lazyload\" alt=\"\" src=\"data:image\/gif;base64,R0lGODlhAQABAAAAACH5BAEKAAEALAAAAAABAAEAAAICTAEAOw==\" style=\"--smush-placeholder-width: 1605px; --smush-placeholder-aspect-ratio: 1605\/911;\" \/>                <\/a>\r\n                \r\n                            <\/figure>\r\n        \t\t\r\n\t\t        <div class=\"exad-post-grid-body\">\r\n            \t\t\t\t\r\n\t\t\t\t\t\t\t\r\n                    <h3>\r\n\t\t\t\t\t\r\n\t\t\t\t\t\t\t\t\r\n                        <a href=\"https:\/\/www.derkreativdackel.de\/?p=30324\" class=\"exad-post-grid-title\">Grafikdesign<\/a>\r\n\t\t\t\t\t\t\r\n\t\t\t\t\t\t\r\n                    <\/h3>\r\n\t\t\t\t\t\r\n\t\t\t\t\t\t\t\t\r\n                                <div class=\"exad-post-grid-description\">\r\n                    au\u00dfergew\u00f6hnlich, einzigartig, dynamisch Grafikdesign und Gestaltungskonzepte Ein Design, egal ob...                <\/div>\r\n                            <div class=\"exad-post-footer\"><a href=\"https:\/\/www.derkreativdackel.de\/?p=30324\" target=\"_self\" class=\"read-more\">zum Beitrag<\/a><\/div>\r\n            \r\n        <\/div>\r\n        \t\t\r\n\t\t\t\t\r\n    <\/div>\r\n<\/article>\r\n    \r\n\t\t\t<\/div>\r\n\t\t\t<div class=\"exad-post-grid-load-btn\">\r\n\t\t\t\t\t\t\t<\/div>\r\n\t\t<\/div>\r\n\r\n\t\t\t\t\t<\/div>\n\t\t\t\t<\/div>\n\t\t\t\t<\/div>\n\t\t<div class=\"elementor-element elementor-element-a448d02 e-con-full thegem-e-con-layout-thegem e-flex e-con e-child\" data-id=\"a448d02\" data-element_type=\"container\" data-settings=\"{&quot;thegem_container_layout&quot;:&quot;thegem&quot;}\">\n\t\t\t\t<div class=\"elementor-element elementor-element-49fb5c9 elementor-widget__width-initial flex-horizontal-align-default flex-horizontal-align-tablet-default flex-horizontal-align-mobile-default flex-vertical-align-default flex-vertical-align-tablet-default flex-vertical-align-mobile-default exad-sticky-section-no elementor-widget elementor-widget-exad-post-grid\" data-id=\"49fb5c9\" data-element_type=\"widget\" data-widget_type=\"exad-post-grid.default\">\n\t\t\t\t<div class=\"elementor-widget-container\">\n\t\t\t\t\t\t\t\r\n\r\n\t\t<div class=\"exad-post-grid\">\r\n\t\t\t<div class=\"exad-row-wrapper\">\r\n\t\t\t\t\r\n<article class=\"exad-post-grid-three exad-col  \">\r\n    <div class=\"exad-post-grid-container image-position-top exad-post-grid-equal-height-\">\r\n                    <figure class=\"exad-post-grid-thumbnail\">\r\n                <a href=\"https:\/\/www.derkreativdackel.de\/?p=30275\">\r\n                    <img width=\"2048\" height=\"661\" data-src=\"https:\/\/www.derkreativdackel.de\/wp-content\/uploads\/2024\/07\/Der-rote-Faden-2048x661.png\" class=\"attachment-2048x2048 size-2048x2048 wp-post-image lazyload\" alt=\"\" src=\"data:image\/gif;base64,R0lGODlhAQABAAAAACH5BAEKAAEALAAAAAABAAEAAAICTAEAOw==\" style=\"--smush-placeholder-width: 2048px; --smush-placeholder-aspect-ratio: 2048\/661;\" \/>                <\/a>\r\n                \r\n                            <\/figure>\r\n        \t\t\r\n\t\t        <div class=\"exad-post-grid-body\">\r\n            \t\t\t\t\r\n\t\t\t\t\t\t\t\r\n                    <h3>\r\n\t\t\t\t\t\r\n\t\t\t\t\t\t\t\t\r\n                        <a href=\"https:\/\/www.derkreativdackel.de\/?p=30275\" class=\"exad-post-grid-title\">Corporate Design<\/a>\r\n\t\t\t\t\t\t\r\n\t\t\t\t\t\t\r\n                    <\/h3>\r\n\t\t\t\t\t\r\n\t\t\t\t\t\t\t\t\r\n                                <div class=\"exad-post-grid-description\">\r\n                    Der rote Faden: das Corporate Design Das Logo, die Layouts...                <\/div>\r\n                            <div class=\"exad-post-footer\"><a href=\"https:\/\/www.derkreativdackel.de\/?p=30275\" target=\"_self\" class=\"read-more\">zum Beitrag<\/a><\/div>\r\n            \r\n        <\/div>\r\n        \t\t\r\n\t\t\t\t\r\n    <\/div>\r\n<\/article>\r\n\r\n<article class=\"exad-post-grid-three exad-col  \">\r\n    <div class=\"exad-post-grid-container image-position-top exad-post-grid-equal-height-\">\r\n                    <figure class=\"exad-post-grid-thumbnail\">\r\n                <a href=\"https:\/\/www.derkreativdackel.de\/?p=30290\">\r\n                    <img width=\"1900\" height=\"424\" data-src=\"https:\/\/www.derkreativdackel.de\/wp-content\/uploads\/2024\/07\/Wave-Web-1.png\" class=\"attachment-2048x2048 size-2048x2048 wp-post-image lazyload\" alt=\"\" src=\"data:image\/gif;base64,R0lGODlhAQABAAAAACH5BAEKAAEALAAAAAABAAEAAAICTAEAOw==\" style=\"--smush-placeholder-width: 1900px; --smush-placeholder-aspect-ratio: 1900\/424;\" \/>                <\/a>\r\n                \r\n                            <\/figure>\r\n        \t\t\r\n\t\t        <div class=\"exad-post-grid-body\">\r\n            \t\t\t\t\r\n\t\t\t\t\t\t\t\r\n                    <h3>\r\n\t\t\t\t\t\r\n\t\t\t\t\t\t\t\t\r\n                        <a href=\"https:\/\/www.derkreativdackel.de\/?p=30290\" class=\"exad-post-grid-title\">Definition Kreativit\u00e4t<\/a>\r\n\t\t\t\t\t\t\r\n\t\t\t\t\t\t\r\n                    <\/h3>\r\n\t\t\t\t\t\r\n\t\t\t\t\t\t\t\t\r\n                                <div class=\"exad-post-grid-description\">\r\n                    Was ist eigentlich&#8230; Kreativit\u00e4t? F\u00fcr den Begriff Kreativit\u00e4t finden sich...                <\/div>\r\n                            <div class=\"exad-post-footer\"><a href=\"https:\/\/www.derkreativdackel.de\/?p=30290\" target=\"_self\" class=\"read-more\">zum Beitrag<\/a><\/div>\r\n            \r\n        <\/div>\r\n        \t\t\r\n\t\t\t\t\r\n    <\/div>\r\n<\/article>\r\n\r\n<article class=\"exad-post-grid-three exad-col  \">\r\n    <div class=\"exad-post-grid-container image-position-top exad-post-grid-equal-height-\">\r\n                    <figure class=\"exad-post-grid-thumbnail\">\r\n                <a href=\"https:\/\/www.derkreativdackel.de\/?p=30324\">\r\n                    <img width=\"1605\" height=\"911\" data-src=\"https:\/\/www.derkreativdackel.de\/wp-content\/uploads\/2024\/07\/AdobeStock_253485989-1536x941-1.jpg\" class=\"attachment-2048x2048 size-2048x2048 wp-post-image lazyload\" alt=\"\" src=\"data:image\/gif;base64,R0lGODlhAQABAAAAACH5BAEKAAEALAAAAAABAAEAAAICTAEAOw==\" style=\"--smush-placeholder-width: 1605px; --smush-placeholder-aspect-ratio: 1605\/911;\" \/>                <\/a>\r\n                \r\n                            <\/figure>\r\n        \t\t\r\n\t\t        <div class=\"exad-post-grid-body\">\r\n            \t\t\t\t\r\n\t\t\t\t\t\t\t\r\n                    <h3>\r\n\t\t\t\t\t\r\n\t\t\t\t\t\t\t\t\r\n                        <a href=\"https:\/\/www.derkreativdackel.de\/?p=30324\" class=\"exad-post-grid-title\">Grafikdesign<\/a>\r\n\t\t\t\t\t\t\r\n\t\t\t\t\t\t\r\n                    <\/h3>\r\n\t\t\t\t\t\r\n\t\t\t\t\t\t\t\t\r\n                                <div class=\"exad-post-grid-description\">\r\n                    au\u00dfergew\u00f6hnlich, einzigartig, dynamisch Grafikdesign und Gestaltungskonzepte Ein Design, egal ob...                <\/div>\r\n                            <div class=\"exad-post-footer\"><a href=\"https:\/\/www.derkreativdackel.de\/?p=30324\" target=\"_self\" class=\"read-more\">zum Beitrag<\/a><\/div>\r\n            \r\n        <\/div>\r\n        \t\t\r\n\t\t\t\t\r\n    <\/div>\r\n<\/article>\r\n\r\n<article class=\"exad-post-grid-three exad-col  \">\r\n    <div class=\"exad-post-grid-container image-position-top exad-post-grid-equal-height-\">\r\n                    <figure class=\"exad-post-grid-thumbnail\">\r\n                <a href=\"https:\/\/www.derkreativdackel.de\/?p=28638\">\r\n                    <img width=\"2048\" height=\"1152\" data-src=\"https:\/\/www.derkreativdackel.de\/wp-content\/uploads\/2024\/07\/Sprechen-2048x1152.png\" class=\"attachment-2048x2048 size-2048x2048 wp-post-image lazyload\" alt=\"\" src=\"data:image\/gif;base64,R0lGODlhAQABAAAAACH5BAEKAAEALAAAAAABAAEAAAICTAEAOw==\" style=\"--smush-placeholder-width: 2048px; --smush-placeholder-aspect-ratio: 2048\/1152;\" \/>                <\/a>\r\n                \r\n                            <\/figure>\r\n        \t\t\r\n\t\t        <div class=\"exad-post-grid-body\">\r\n            \t\t\t\t\r\n\t\t\t\t\t\t\t\r\n                    <h3>\r\n\t\t\t\t\t\r\n\t\t\t\t\t\t\t\t\r\n                        <a href=\"https:\/\/www.derkreativdackel.de\/?p=28638\" class=\"exad-post-grid-title\">Kontakt<\/a>\r\n\t\t\t\t\t\t\r\n\t\t\t\t\t\t\r\n                    <\/h3>\r\n\t\t\t\t\t\r\n\t\t\t\t\t\t\t\t\r\n                                <div class=\"exad-post-grid-description\">\r\n                    Kreativit\u00e4t verbindet Sich \u00fcber das geliebte Hobby, Arbeitstechniken und Materialien...                <\/div>\r\n                            <div class=\"exad-post-footer\"><a href=\"https:\/\/www.derkreativdackel.de\/?p=28638\" target=\"_self\" class=\"read-more\">zum Beitrag<\/a><\/div>\r\n            \r\n        <\/div>\r\n        \t\t\r\n\t\t\t\t\r\n    <\/div>\r\n<\/article>\r\n    \r\n\t\t\t<\/div>\r\n\t\t\t<div class=\"exad-post-grid-load-btn\">\r\n\t\t\t\t\t\t\t<\/div>\r\n\t\t<\/div>\r\n\r\n\t\t\t\t\t<\/div>\n\t\t\t\t<\/div>\n\t\t\t\t<\/div>\n\t\t<div class=\"elementor-element elementor-element-09b8abc e-con-full thegem-e-con-layout-thegem e-flex e-con e-child\" data-id=\"09b8abc\" data-element_type=\"container\" data-settings=\"{&quot;thegem_container_layout&quot;:&quot;thegem&quot;,&quot;background_background&quot;:&quot;classic&quot;}\">\n\t\t\t\t<div class=\"elementor-element elementor-element-cacecd1 elementor-widget__width-initial flex-horizontal-align-default flex-horizontal-align-tablet-default flex-horizontal-align-mobile-default flex-vertical-align-default flex-vertical-align-tablet-default flex-vertical-align-mobile-default exad-sticky-section-no elementor-widget elementor-widget-exad-post-grid\" data-id=\"cacecd1\" data-element_type=\"widget\" data-widget_type=\"exad-post-grid.default\">\n\t\t\t\t<div class=\"elementor-widget-container\">\n\t\t\t\t\t\t\t\r\n\r\n\t\t<div class=\"exad-post-grid\">\r\n\t\t\t<div class=\"exad-row-wrapper\">\r\n\t\t\t\t\r\n<article class=\"exad-post-grid-three exad-col  \">\r\n    <div class=\"exad-post-grid-container image-position-top exad-post-grid-equal-height-\">\r\n                    <figure class=\"exad-post-grid-thumbnail\">\r\n                <a href=\"https:\/\/www.derkreativdackel.de\/?p=30275\">\r\n                    <img width=\"4167\" height=\"1344\" data-src=\"https:\/\/www.derkreativdackel.de\/wp-content\/uploads\/2024\/07\/Der-rote-Faden.png\" class=\"attachment-full size-full wp-post-image lazyload\" alt=\"\" src=\"data:image\/gif;base64,R0lGODlhAQABAAAAACH5BAEKAAEALAAAAAABAAEAAAICTAEAOw==\" style=\"--smush-placeholder-width: 4167px; --smush-placeholder-aspect-ratio: 4167\/1344;\" \/>                <\/a>\r\n                \r\n                            <\/figure>\r\n        \t\t\r\n\t\t        <div class=\"exad-post-grid-body\">\r\n            \t\t\t\t\r\n\t\t\t\t\t\t\t\r\n                    <h3>\r\n\t\t\t\t\t\r\n\t\t\t\t\t\t\t\t\r\n                        <a href=\"https:\/\/www.derkreativdackel.de\/?p=30275\" class=\"exad-post-grid-title\">Corporate Design<\/a>\r\n\t\t\t\t\t\t\r\n\t\t\t\t\t\t\r\n                    <\/h3>\r\n\t\t\t\t\t\r\n\t\t\t\t\t\t\t\t\r\n                                <div class=\"exad-post-grid-description\">\r\n                    Der rote Faden: das Corporate Design Das Logo, die Layouts f\u00fcr Printmedien (Visitenkarten, Gesch\u00e4ftspapiere, Flyer, Kataloge, Poster, Etiketten oder anderweitige...                <\/div>\r\n                            <div class=\"exad-post-footer\"><a href=\"https:\/\/www.derkreativdackel.de\/?p=30275\" target=\"_self\" class=\"read-more\">zum Beitrag<\/a><\/div>\r\n            \r\n        <\/div>\r\n        \t\t\r\n\t\t\t\t\r\n    <\/div>\r\n<\/article>\r\n\r\n<article class=\"exad-post-grid-three exad-col  \">\r\n    <div class=\"exad-post-grid-container image-position-top exad-post-grid-equal-height-\">\r\n                    <figure class=\"exad-post-grid-thumbnail\">\r\n                <a href=\"https:\/\/www.derkreativdackel.de\/?p=30290\">\r\n                    <img width=\"1900\" height=\"424\" data-src=\"https:\/\/www.derkreativdackel.de\/wp-content\/uploads\/2024\/07\/Wave-Web-1.png\" class=\"attachment-full size-full wp-post-image lazyload\" alt=\"\" src=\"data:image\/gif;base64,R0lGODlhAQABAAAAACH5BAEKAAEALAAAAAABAAEAAAICTAEAOw==\" style=\"--smush-placeholder-width: 1900px; --smush-placeholder-aspect-ratio: 1900\/424;\" \/>                <\/a>\r\n                \r\n                            <\/figure>\r\n        \t\t\r\n\t\t        <div class=\"exad-post-grid-body\">\r\n            \t\t\t\t\r\n\t\t\t\t\t\t\t\r\n                    <h3>\r\n\t\t\t\t\t\r\n\t\t\t\t\t\t\t\t\r\n                        <a href=\"https:\/\/www.derkreativdackel.de\/?p=30290\" class=\"exad-post-grid-title\">Definition Kreativit\u00e4t<\/a>\r\n\t\t\t\t\t\t\r\n\t\t\t\t\t\t\r\n                    <\/h3>\r\n\t\t\t\t\t\r\n\t\t\t\t\t\t\t\t\r\n                                <div class=\"exad-post-grid-description\">\r\n                    Was ist eigentlich&#8230; Kreativit\u00e4t? F\u00fcr den Begriff Kreativit\u00e4t finden sich zahlreiche Definitionen und Interpretationen. Was f\u00fcr mich schon mal vorab...                <\/div>\r\n                            <div class=\"exad-post-footer\"><a href=\"https:\/\/www.derkreativdackel.de\/?p=30290\" target=\"_self\" class=\"read-more\">zum Beitrag<\/a><\/div>\r\n            \r\n        <\/div>\r\n        \t\t\r\n\t\t\t\t\r\n    <\/div>\r\n<\/article>\r\n\r\n<article class=\"exad-post-grid-three exad-col  \">\r\n    <div class=\"exad-post-grid-container image-position-top exad-post-grid-equal-height-\">\r\n                    <figure class=\"exad-post-grid-thumbnail\">\r\n                <a href=\"https:\/\/www.derkreativdackel.de\/?p=30324\">\r\n                    <img width=\"1605\" height=\"911\" data-src=\"https:\/\/www.derkreativdackel.de\/wp-content\/uploads\/2024\/07\/AdobeStock_253485989-1536x941-1.jpg\" class=\"attachment-full size-full wp-post-image lazyload\" alt=\"\" src=\"data:image\/gif;base64,R0lGODlhAQABAAAAACH5BAEKAAEALAAAAAABAAEAAAICTAEAOw==\" style=\"--smush-placeholder-width: 1605px; --smush-placeholder-aspect-ratio: 1605\/911;\" \/>                <\/a>\r\n                \r\n                            <\/figure>\r\n        \t\t\r\n\t\t        <div class=\"exad-post-grid-body\">\r\n            \t\t\t\t\r\n\t\t\t\t\t\t\t\r\n                    <h3>\r\n\t\t\t\t\t\r\n\t\t\t\t\t\t\t\t\r\n                        <a href=\"https:\/\/www.derkreativdackel.de\/?p=30324\" class=\"exad-post-grid-title\">Grafikdesign<\/a>\r\n\t\t\t\t\t\t\r\n\t\t\t\t\t\t\r\n                    <\/h3>\r\n\t\t\t\t\t\r\n\t\t\t\t\t\t\t\t\r\n                                <div class=\"exad-post-grid-description\">\r\n                    au\u00dfergew\u00f6hnlich, einzigartig, dynamisch Grafikdesign und Gestaltungskonzepte Ein Design, egal ob Print oder Digital \u2013 muss seinen Besitzer so eindrucksvoll in...                <\/div>\r\n                            <div class=\"exad-post-footer\"><a href=\"https:\/\/www.derkreativdackel.de\/?p=30324\" target=\"_self\" class=\"read-more\">zum Beitrag<\/a><\/div>\r\n            \r\n        <\/div>\r\n        \t\t\r\n\t\t\t\t\r\n    <\/div>\r\n<\/article>\r\n\r\n<article class=\"exad-post-grid-three exad-col  \">\r\n    <div class=\"exad-post-grid-container image-position-top exad-post-grid-equal-height-\">\r\n                    <figure class=\"exad-post-grid-thumbnail\">\r\n                <a href=\"https:\/\/www.derkreativdackel.de\/?p=28638\">\r\n                    <img width=\"800\" height=\"450\" data-src=\"https:\/\/www.derkreativdackel.de\/wp-content\/uploads\/2024\/07\/Sprechen-e1738317358109.png\" class=\"attachment-full size-full wp-post-image lazyload\" alt=\"\" src=\"data:image\/gif;base64,R0lGODlhAQABAAAAACH5BAEKAAEALAAAAAABAAEAAAICTAEAOw==\" style=\"--smush-placeholder-width: 800px; --smush-placeholder-aspect-ratio: 800\/450;\" \/>                <\/a>\r\n                \r\n                            <\/figure>\r\n        \t\t\r\n\t\t        <div class=\"exad-post-grid-body\">\r\n            \t\t\t\t\r\n\t\t\t\t\t\t\t\r\n                    <h3>\r\n\t\t\t\t\t\r\n\t\t\t\t\t\t\t\t\r\n                        <a href=\"https:\/\/www.derkreativdackel.de\/?p=28638\" class=\"exad-post-grid-title\">Kontakt<\/a>\r\n\t\t\t\t\t\t\r\n\t\t\t\t\t\t\r\n                    <\/h3>\r\n\t\t\t\t\t\r\n\t\t\t\t\t\t\t\t\r\n                                <div class=\"exad-post-grid-description\">\r\n                    Kreativit\u00e4t verbindet Sich \u00fcber das geliebte Hobby, Arbeitstechniken und Materialien auszutauschen macht einfach Spa\u00df. Hast du Fragen, Anregungen, Kritik oder...                <\/div>\r\n                            <div class=\"exad-post-footer\"><a href=\"https:\/\/www.derkreativdackel.de\/?p=28638\" target=\"_self\" class=\"read-more\">zum Beitrag<\/a><\/div>\r\n            \r\n        <\/div>\r\n        \t\t\r\n\t\t\t\t\r\n    <\/div>\r\n<\/article>\r\n    \r\n\t\t\t<\/div>\r\n\t\t\t<div class=\"exad-post-grid-load-btn\">\r\n\t\t\t\t\t\t\t<\/div>\r\n\t\t<\/div>\r\n\r\n\t\t\t\t\t<\/div>\n\t\t\t\t<\/div>\n\t\t\t\t<\/div>\n\t\t\t\t<\/div>\n\t\t\t\t\t<\/div>\n\t\t\t\t<\/div>\n\t\t\t\t<\/div>\n\t\t","protected":false},"excerpt":{"rendered":"<p>Grafikdesign au\u00dfergew\u00f6hnlich &#8211; pers\u00f6nlich &#8211; dynamisch Corporate Design Der rote Faden: das Corporate Design Das Logo, die Layouts&#8230; zum Beitrag&#8230;<\/p>\n","protected":false},"author":2,"featured_media":0,"parent":0,"menu_order":0,"comment_status":"closed","ping_status":"closed","template":"","meta":{"footnotes":""},"class_list":["post-28696","page","type-page","status-publish"],"_links":{"self":[{"href":"https:\/\/www.derkreativdackel.de\/index.php?rest_route=\/wp\/v2\/pages\/28696","targetHints":{"allow":["GET"]}}],"collection":[{"href":"https:\/\/www.derkreativdackel.de\/index.php?rest_route=\/wp\/v2\/pages"}],"about":[{"href":"https:\/\/www.derkreativdackel.de\/index.php?rest_route=\/wp\/v2\/types\/page"}],"author":[{"embeddable":true,"href":"https:\/\/www.derkreativdackel.de\/index.php?rest_route=\/wp\/v2\/users\/2"}],"replies":[{"embeddable":true,"href":"https:\/\/www.derkreativdackel.de\/index.php?rest_route=%2Fwp%2Fv2%2Fcomments&post=28696"}],"version-history":[{"count":109,"href":"https:\/\/www.derkreativdackel.de\/index.php?rest_route=\/wp\/v2\/pages\/28696\/revisions"}],"predecessor-version":[{"id":32510,"href":"https:\/\/www.derkreativdackel.de\/index.php?rest_route=\/wp\/v2\/pages\/28696\/revisions\/32510"}],"wp:attachment":[{"href":"https:\/\/www.derkreativdackel.de\/index.php?rest_route=%2Fwp%2Fv2%2Fmedia&parent=28696"}],"curies":[{"name":"wp","href":"https:\/\/api.w.org\/{rel}","templated":true}]}}