{"id":28754,"date":"2024-07-30T19:55:15","date_gmt":"2024-07-30T19:55:15","guid":{"rendered":"https:\/\/www.kreativkaffee.de\/?page_id=28754"},"modified":"2025-09-24T08:35:25","modified_gmt":"2025-09-24T08:35:25","slug":"papierkunst","status":"publish","type":"page","link":"https:\/\/www.derkreativdackel.de\/?page_id=28754","title":{"rendered":"Papierkunst"},"content":{"rendered":"\t\t<div data-elementor-type=\"wp-page\" data-elementor-id=\"28754\" class=\"elementor elementor-28754\" data-elementor-post-type=\"page\">\n\t\t\t\t<div class=\"elementor-element elementor-element-fae03bd thegem-e-con-layout-thegem e-con-full e-flex e-con e-parent\" data-id=\"fae03bd\" data-element_type=\"container\" data-settings=\"{&quot;background_background&quot;:&quot;classic&quot;,&quot;thegem_container_layout&quot;:&quot;thegem&quot;}\">\n\t\t<div class=\"elementor-element elementor-element-4abd06f e-con-full thegem-e-con-layout-thegem e-flex e-con e-child\" data-id=\"4abd06f\" data-element_type=\"container\" data-settings=\"{&quot;thegem_container_layout&quot;:&quot;thegem&quot;}\">\n\t\t\t\t<div class=\"elementor-element elementor-element-002f4ae elementor-widget__width-initial elementor-widget-mobile__width-initial flex-horizontal-align-default flex-horizontal-align-tablet-default flex-horizontal-align-mobile-default flex-vertical-align-default flex-vertical-align-tablet-default flex-vertical-align-mobile-default exad-sticky-section-no exad-glass-effect-no elementor-widget elementor-widget-thegem-animated-heading\" data-id=\"002f4ae\" data-element_type=\"widget\" data-widget_type=\"thegem-animated-heading.default\">\n\t\t\t\t<div class=\"elementor-widget-container\">\n\t\t\t\t\t<h2 class=\"thegem-heading thegem-animated-heading title-h2 thegem-heading-animate lines-slide-up\" id=\"thegem-heading-002f4ae\" data-animation-name=\"lines-slide-up\" data-animation-interval=\"80\"><span class=\"thegem-heading-word\">Papierkunst<\/span><\/h2><style type=\"text\/css\">#thegem-heading-002f4ae {margin: 0;}#thegem-heading-002f4ae {margin-left: auto; margin-right: auto;}#thegem-heading-002f4ae > * {justify-content: center;}<\/style>\t\t\t\t<\/div>\n\t\t\t\t<\/div>\n\t\t\t\t<div class=\"elementor-element elementor-element-aeb6559 elementor-widget__width-inherit elementor-widget-mobile__width-initial elementor-hidden-tablet elementor-hidden-mobile flex-horizontal-align-default flex-horizontal-align-tablet-default flex-horizontal-align-mobile-default flex-vertical-align-default flex-vertical-align-tablet-default flex-vertical-align-mobile-default exad-sticky-section-no exad-glass-effect-no elementor-widget elementor-widget-thegem-animated-heading\" data-id=\"aeb6559\" data-element_type=\"widget\" data-widget_type=\"thegem-animated-heading.default\">\n\t\t\t\t<div class=\"elementor-widget-container\">\n\t\t\t\t\t<h2 class=\"thegem-heading thegem-animated-heading title-h2 thegem-heading-animate lines-slide-up\" id=\"thegem-heading-aeb6559\" data-animation-name=\"lines-slide-up\" data-animation-interval=\"80\"><span class=\"thegem-heading-word\">Zeit<\/span> <span class=\"thegem-heading-word\">f\u00fcr<\/span> <span class=\"thegem-heading-word\">liebe<\/span> <span class=\"thegem-heading-word\">Worte<\/span> <span class=\"thegem-heading-word\">und<\/span> <span class=\"thegem-heading-word\">sch\u00f6ne<\/span> <span class=\"thegem-heading-word\">Dinge<\/span><\/h2><style type=\"text\/css\">#thegem-heading-aeb6559 {margin: 0;}#thegem-heading-aeb6559 {margin-left: auto; margin-right: auto;}#thegem-heading-aeb6559 > * {justify-content: center;}<\/style>\t\t\t\t<\/div>\n\t\t\t\t<\/div>\n\t\t\t\t<div class=\"elementor-element elementor-element-480fc9a flex-horizontal-align-default flex-horizontal-align-tablet-default flex-horizontal-align-mobile-default flex-vertical-align-default flex-vertical-align-tablet-default flex-vertical-align-mobile-default exad-sticky-section-no exad-glass-effect-no elementor-widget elementor-widget-spacer\" data-id=\"480fc9a\" data-element_type=\"widget\" data-widget_type=\"spacer.default\">\n\t\t\t\t<div class=\"elementor-widget-container\">\n\t\t\t\t\t\t\t<div class=\"elementor-spacer\">\n\t\t\t<div class=\"elementor-spacer-inner\"><\/div>\n\t\t<\/div>\n\t\t\t\t\t\t<\/div>\n\t\t\t\t<\/div>\n\t\t\t\t<\/div>\n\t\t\t\t<\/div>\n\t\t<div class=\"elementor-element elementor-element-7b60eb5a thegem-e-con-layout-thegem e-flex e-con-boxed e-con e-parent\" data-id=\"7b60eb5a\" data-element_type=\"container\" data-settings=\"{&quot;thegem_container_layout&quot;:&quot;thegem&quot;}\">\n\t\t\t\t\t<div class=\"e-con-inner\">\n\t\t<div class=\"elementor-element elementor-element-fa1ca18 e-con-full thegem-e-con-layout-thegem e-flex e-con e-child\" data-id=\"fa1ca18\" data-element_type=\"container\" data-settings=\"{&quot;thegem_container_layout&quot;:&quot;thegem&quot;}\">\n\t\t\t\t<div class=\"elementor-element elementor-element-59b115a elementor-widget__width-initial flex-horizontal-align-default flex-horizontal-align-tablet-default flex-horizontal-align-mobile-default flex-vertical-align-default flex-vertical-align-tablet-default flex-vertical-align-mobile-default exad-sticky-section-no elementor-widget elementor-widget-exad-post-grid\" data-id=\"59b115a\" data-element_type=\"widget\" data-widget_type=\"exad-post-grid.default\">\n\t\t\t\t<div class=\"elementor-widget-container\">\n\t\t\t\t\t\t\t\r\n\r\n\t\t<div class=\"exad-post-grid\">\r\n\t\t\t<div class=\"exad-row-wrapper\">\r\n\t\t\t\t\r\n<article class=\"exad-post-grid-three exad-col  \">\r\n    <div class=\"exad-post-grid-container image-position-top exad-post-grid-equal-height-\">\r\n                    <figure class=\"exad-post-grid-thumbnail\">\r\n                <a href=\"https:\/\/www.derkreativdackel.de\/?p=30745\">\r\n                    <img width=\"2048\" height=\"1371\" data-src=\"https:\/\/www.derkreativdackel.de\/wp-content\/uploads\/2025\/02\/DSC_0429-2048x1371.jpg\" class=\"attachment-2048x2048 size-2048x2048 wp-post-image lazyload\" alt=\"\" src=\"data:image\/gif;base64,R0lGODlhAQABAAAAACH5BAEKAAEALAAAAAABAAEAAAICTAEAOw==\" style=\"--smush-placeholder-width: 2048px; --smush-placeholder-aspect-ratio: 2048\/1371;\" \/>                <\/a>\r\n                \r\n                            <\/figure>\r\n        \t\t\r\n\t\t        <div class=\"exad-post-grid-body\">\r\n            \t\t\t\t\r\n\t\t\t\t\t\t\t\r\n                    <h3>\r\n\t\t\t\t\t\r\n\t\t\t\t\t\t\t\t\r\n                        <a href=\"https:\/\/www.derkreativdackel.de\/?p=30745\" class=\"exad-post-grid-title\">Gutscheinkarte &#8222;W\u00fcnsch Dir...<\/a>\r\n\t\t\t\t\t\t\r\n\t\t\t\t\t\t\r\n                    <\/h3>\r\n\t\t\t\t\t\r\n\t\t\t\t\t\t\t\t\r\n                                <div class=\"exad-post-grid-description\">\r\n                    Gutscheinkarte &#8222;W\u00fcnsch dir was&#8220; Material: verschieden Papiersorten,\u00a0 selbstgef\u00e4rbtes Designpapier, Stempel,...                <\/div>\r\n                            <div class=\"exad-post-footer\"><a href=\"https:\/\/www.derkreativdackel.de\/?p=30745\" target=\"_self\" class=\"read-more\">zum Beitrag<\/a><\/div>\r\n            \r\n        <\/div>\r\n        \t\t\r\n\t\t\t\t\r\n    <\/div>\r\n<\/article>\r\n    \r\n\t\t\t<\/div>\r\n\t\t\t<div class=\"exad-post-grid-load-btn\">\r\n\t\t\t\t\t\t\t<\/div>\r\n\t\t<\/div>\r\n\r\n\t\t\t\t\t<\/div>\n\t\t\t\t<\/div>\n\t\t\t\t<\/div>\n\t\t<div class=\"elementor-element elementor-element-e71bea3 e-con-full thegem-e-con-layout-thegem e-flex e-con e-child\" data-id=\"e71bea3\" data-element_type=\"container\" data-settings=\"{&quot;thegem_container_layout&quot;:&quot;thegem&quot;}\">\n\t\t\t\t<div class=\"elementor-element elementor-element-96c4380 elementor-widget__width-initial flex-horizontal-align-default flex-horizontal-align-tablet-default flex-horizontal-align-mobile-default flex-vertical-align-default flex-vertical-align-tablet-default flex-vertical-align-mobile-default exad-sticky-section-no elementor-widget elementor-widget-exad-post-grid\" data-id=\"96c4380\" data-element_type=\"widget\" data-widget_type=\"exad-post-grid.default\">\n\t\t\t\t<div class=\"elementor-widget-container\">\n\t\t\t\t\t\t\t\r\n\r\n\t\t<div class=\"exad-post-grid\">\r\n\t\t\t<div class=\"exad-row-wrapper\">\r\n\t\t\t\t\r\n<article class=\"exad-post-grid-three exad-col  \">\r\n    <div class=\"exad-post-grid-container image-position-top exad-post-grid-equal-height-\">\r\n                    <figure class=\"exad-post-grid-thumbnail\">\r\n                <a href=\"https:\/\/www.derkreativdackel.de\/?p=30745\">\r\n                    <img width=\"2048\" height=\"1371\" data-src=\"https:\/\/www.derkreativdackel.de\/wp-content\/uploads\/2025\/02\/DSC_0429-2048x1371.jpg\" class=\"attachment-2048x2048 size-2048x2048 wp-post-image lazyload\" alt=\"\" src=\"data:image\/gif;base64,R0lGODlhAQABAAAAACH5BAEKAAEALAAAAAABAAEAAAICTAEAOw==\" style=\"--smush-placeholder-width: 2048px; --smush-placeholder-aspect-ratio: 2048\/1371;\" \/>                <\/a>\r\n                \r\n                            <\/figure>\r\n        \t\t\r\n\t\t        <div class=\"exad-post-grid-body\">\r\n            \t\t\t\t\r\n\t\t\t\t\t\t\t\r\n                    <h3>\r\n\t\t\t\t\t\r\n\t\t\t\t\t\t\t\t\r\n                        <a href=\"https:\/\/www.derkreativdackel.de\/?p=30745\" class=\"exad-post-grid-title\">Gutscheinkarte &#8222;W\u00fcnsch Dir...<\/a>\r\n\t\t\t\t\t\t\r\n\t\t\t\t\t\t\r\n                    <\/h3>\r\n\t\t\t\t\t\r\n\t\t\t\t\t\t\t\t\r\n                                <div class=\"exad-post-grid-description\">\r\n                    Gutscheinkarte &#8222;W\u00fcnsch dir was&#8220; Material: verschieden Papiersorten,\u00a0 selbstgef\u00e4rbtes Designpapier, Stempel,...                <\/div>\r\n                            <div class=\"exad-post-footer\"><a href=\"https:\/\/www.derkreativdackel.de\/?p=30745\" target=\"_self\" class=\"read-more\">zum Beitrag<\/a><\/div>\r\n            \r\n        <\/div>\r\n        \t\t\r\n\t\t\t\t\r\n    <\/div>\r\n<\/article>\r\n    \r\n\t\t\t<\/div>\r\n\t\t\t<div class=\"exad-post-grid-load-btn\">\r\n\t\t\t\t\t\t\t<\/div>\r\n\t\t<\/div>\r\n\r\n\t\t\t\t\t<\/div>\n\t\t\t\t<\/div>\n\t\t\t\t<\/div>\n\t\t<div class=\"elementor-element elementor-element-472867b e-con-full thegem-e-con-layout-thegem e-flex e-con e-child\" data-id=\"472867b\" data-element_type=\"container\" data-settings=\"{&quot;thegem_container_layout&quot;:&quot;thegem&quot;,&quot;background_background&quot;:&quot;classic&quot;}\">\n\t\t\t\t<div class=\"elementor-element elementor-element-08cc9a3 elementor-widget__width-initial flex-horizontal-align-default flex-horizontal-align-tablet-default flex-horizontal-align-mobile-default flex-vertical-align-default flex-vertical-align-tablet-default flex-vertical-align-mobile-default exad-sticky-section-no elementor-widget elementor-widget-exad-post-grid\" data-id=\"08cc9a3\" data-element_type=\"widget\" data-widget_type=\"exad-post-grid.default\">\n\t\t\t\t<div class=\"elementor-widget-container\">\n\t\t\t\t\t\t\t\r\n\r\n\t\t<div class=\"exad-post-grid\">\r\n\t\t\t<div class=\"exad-row-wrapper\">\r\n\t\t\t\t\r\n<article class=\"exad-post-grid-three exad-col  \">\r\n    <div class=\"exad-post-grid-container image-position-top exad-post-grid-equal-height-\">\r\n                    <figure class=\"exad-post-grid-thumbnail\">\r\n                <a href=\"https:\/\/www.derkreativdackel.de\/?p=30330\">\r\n                    <img width=\"2560\" height=\"1726\" data-src=\"https:\/\/www.derkreativdackel.de\/wp-content\/uploads\/2024\/07\/IMG_20220526_110005-scaled.jpg\" class=\"attachment-full size-full wp-post-image lazyload\" alt=\"\" src=\"data:image\/gif;base64,R0lGODlhAQABAAAAACH5BAEKAAEALAAAAAABAAEAAAICTAEAOw==\" style=\"--smush-placeholder-width: 2560px; --smush-placeholder-aspect-ratio: 2560\/1726;\" \/>                <\/a>\r\n                \r\n                            <\/figure>\r\n        \t\t\r\n\t\t        <div class=\"exad-post-grid-body\">\r\n            \t\t\t\t\r\n\t\t\t\t\t\t\t\r\n                    <h3>\r\n\t\t\t\t\t\r\n\t\t\t\t\t\t\t\t\r\n                        <a href=\"https:\/\/www.derkreativdackel.de\/?p=30330\" class=\"exad-post-grid-title\">die Explosionsbox<\/a>\r\n\t\t\t\t\t\t\r\n\t\t\t\t\t\t\r\n                    <\/h3>\r\n\t\t\t\t\t\r\n\t\t\t\t\t\t\t\t\r\n                                <div class=\"exad-post-grid-description\">\r\n                    Die Explosionsbox Exklusiv Freude verschenken! Wenn man etwas\u00a0 Besonderes und\u00a0 Au\u00dfergew\u00f6hnliches verschenken m\u00f6chte, ist die Explosionsbox definitiv eine gute Wahl....                <\/div>\r\n                            <div class=\"exad-post-footer\"><a href=\"https:\/\/www.derkreativdackel.de\/?p=30330\" target=\"_self\" class=\"read-more\">zum Beitrag<\/a><\/div>\r\n            \r\n        <\/div>\r\n        \t\t\r\n\t\t\t\t\r\n    <\/div>\r\n<\/article>\r\n\r\n<article class=\"exad-post-grid-three exad-col  \">\r\n    <div class=\"exad-post-grid-container image-position-top exad-post-grid-equal-height-\">\r\n                    <figure class=\"exad-post-grid-thumbnail\">\r\n                <a href=\"https:\/\/www.derkreativdackel.de\/?p=29792\">\r\n                    <img width=\"2560\" height=\"1714\" data-src=\"https:\/\/www.derkreativdackel.de\/wp-content\/uploads\/2025\/01\/Giovanna_7-scaled.jpg\" class=\"attachment-full size-full wp-post-image lazyload\" alt=\"\" src=\"data:image\/gif;base64,R0lGODlhAQABAAAAACH5BAEKAAEALAAAAAABAAEAAAICTAEAOw==\" style=\"--smush-placeholder-width: 2560px; --smush-placeholder-aspect-ratio: 2560\/1714;\" \/>                <\/a>\r\n                \r\n                            <\/figure>\r\n        \t\t\r\n\t\t        <div class=\"exad-post-grid-body\">\r\n            \t\t\t\t\r\n\t\t\t\t\t\t\t\r\n                    <h3>\r\n\t\t\t\t\t\r\n\t\t\t\t\t\t\t\t\r\n                        <a href=\"https:\/\/www.derkreativdackel.de\/?p=29792\" class=\"exad-post-grid-title\">Explosionsbox zum 18ten...<\/a>\r\n\t\t\t\t\t\t\r\n\t\t\t\t\t\t\r\n                    <\/h3>\r\n\t\t\t\t\t\r\n\t\t\t\t\t\t\t\t\r\n                                <div class=\"exad-post-grid-description\">\r\n                    Explosionsbox zum 18ten Geburtstag Vorgabe zu dieser Box war:\u00a0f\u00fcr ein M\u00e4dchen, zum 18. Geburtstag, Farbe: violett Material: verschiedenste Papiere, ein...                <\/div>\r\n                            <div class=\"exad-post-footer\"><a href=\"https:\/\/www.derkreativdackel.de\/?p=29792\" target=\"_self\" class=\"read-more\">zum Beitrag<\/a><\/div>\r\n            \r\n        <\/div>\r\n        \t\t\r\n\t\t\t\t\r\n    <\/div>\r\n<\/article>\r\n\r\n<article class=\"exad-post-grid-three exad-col  \">\r\n    <div class=\"exad-post-grid-container image-position-top exad-post-grid-equal-height-\">\r\n                    <figure class=\"exad-post-grid-thumbnail\">\r\n                <a href=\"https:\/\/www.derkreativdackel.de\/?p=30443\">\r\n                    <img width=\"2131\" height=\"2560\" data-src=\"https:\/\/www.derkreativdackel.de\/wp-content\/uploads\/2025\/02\/Schulbox-4-scaled.jpg\" class=\"attachment-full size-full wp-post-image lazyload\" alt=\"\" src=\"data:image\/gif;base64,R0lGODlhAQABAAAAACH5BAEKAAEALAAAAAABAAEAAAICTAEAOw==\" style=\"--smush-placeholder-width: 2131px; --smush-placeholder-aspect-ratio: 2131\/2560;\" \/>                <\/a>\r\n                \r\n                            <\/figure>\r\n        \t\t\r\n\t\t        <div class=\"exad-post-grid-body\">\r\n            \t\t\t\t\r\n\t\t\t\t\t\t\t\r\n                    <h3>\r\n\t\t\t\t\t\r\n\t\t\t\t\t\t\t\t\r\n                        <a href=\"https:\/\/www.derkreativdackel.de\/?p=30443\" class=\"exad-post-grid-title\">Explosionsbox zur Einschulung<\/a>\r\n\t\t\t\t\t\t\r\n\t\t\t\t\t\t\r\n                    <\/h3>\r\n\t\t\t\t\t\r\n\t\t\t\t\t\t\t\t\r\n                                <div class=\"exad-post-grid-description\">\r\n                    Explosionsbox zur Einschulung Vorgabe zu dieser Box war: f\u00fcr einen Jungen zur Einschulung, Platz f\u00fcr einen Gutschein und\/oder Fotos. Benutztes...                <\/div>\r\n                            <div class=\"exad-post-footer\"><a href=\"https:\/\/www.derkreativdackel.de\/?p=30443\" target=\"_self\" class=\"read-more\">zum Beitrag<\/a><\/div>\r\n            \r\n        <\/div>\r\n        \t\t\r\n\t\t\t\t\r\n    <\/div>\r\n<\/article>\r\n\r\n<article class=\"exad-post-grid-three exad-col  \">\r\n    <div class=\"exad-post-grid-container image-position-top exad-post-grid-equal-height-\">\r\n                    <figure class=\"exad-post-grid-thumbnail\">\r\n                <a href=\"https:\/\/www.derkreativdackel.de\/?p=30430\">\r\n                    <img width=\"2560\" height=\"2503\" data-src=\"https:\/\/www.derkreativdackel.de\/wp-content\/uploads\/2025\/02\/Babybox7-scaled.jpg\" class=\"attachment-full size-full wp-post-image lazyload\" alt=\"\" src=\"data:image\/gif;base64,R0lGODlhAQABAAAAACH5BAEKAAEALAAAAAABAAEAAAICTAEAOw==\" style=\"--smush-placeholder-width: 2560px; --smush-placeholder-aspect-ratio: 2560\/2503;\" \/>                <\/a>\r\n                \r\n                            <\/figure>\r\n        \t\t\r\n\t\t        <div class=\"exad-post-grid-body\">\r\n            \t\t\t\t\r\n\t\t\t\t\t\t\t\r\n                    <h3>\r\n\t\t\t\t\t\r\n\t\t\t\t\t\t\t\t\r\n                        <a href=\"https:\/\/www.derkreativdackel.de\/?p=30430\" class=\"exad-post-grid-title\">Explosionsbox zur Geburt<\/a>\r\n\t\t\t\t\t\t\r\n\t\t\t\t\t\t\r\n                    <\/h3>\r\n\t\t\t\t\t\r\n\t\t\t\t\t\t\t\t\r\n                                <div class=\"exad-post-grid-description\">\r\n                    Explosionsbox zur Geburt Vorgabe zu dieser Box war:\u00a0f\u00fcr ein M\u00e4dchen zur Geburt, Platz f\u00fcr einen Gutschein Material: verschiedenste Papiere, Geburtsdaten,\u00a0...                <\/div>\r\n                            <div class=\"exad-post-footer\"><a href=\"https:\/\/www.derkreativdackel.de\/?p=30430\" target=\"_self\" class=\"read-more\">zum Beitrag<\/a><\/div>\r\n            \r\n        <\/div>\r\n        \t\t\r\n\t\t\t\t\r\n    <\/div>\r\n<\/article>\r\n    \r\n\t\t\t<\/div>\r\n\t\t\t<div class=\"exad-post-grid-load-btn\">\r\n\t\t\t\t\t\t\t<\/div>\r\n\t\t<\/div>\r\n\r\n\t\t\t\t\t<\/div>\n\t\t\t\t<\/div>\n\t\t\t\t<\/div>\n\t\t\t\t\t<\/div>\n\t\t\t\t<\/div>\n\t\t\t\t<\/div>\n\t\t","protected":false},"excerpt":{"rendered":"<p>Papierkunst Zeit f\u00fcr liebe Worte und sch\u00f6ne Dinge Gutscheinkarte &#8222;W\u00fcnsch Dir&#8230; Gutscheinkarte &#8222;W\u00fcnsch dir was&#8220; Material: verschieden Papiersorten,\u00a0 selbstgef\u00e4rbtes Designpapier,&#8230;<\/p>\n","protected":false},"author":2,"featured_media":0,"parent":0,"menu_order":0,"comment_status":"closed","ping_status":"closed","template":"","meta":{"footnotes":""},"class_list":["post-28754","page","type-page","status-publish"],"_links":{"self":[{"href":"https:\/\/www.derkreativdackel.de\/index.php?rest_route=\/wp\/v2\/pages\/28754","targetHints":{"allow":["GET"]}}],"collection":[{"href":"https:\/\/www.derkreativdackel.de\/index.php?rest_route=\/wp\/v2\/pages"}],"about":[{"href":"https:\/\/www.derkreativdackel.de\/index.php?rest_route=\/wp\/v2\/types\/page"}],"author":[{"embeddable":true,"href":"https:\/\/www.derkreativdackel.de\/index.php?rest_route=\/wp\/v2\/users\/2"}],"replies":[{"embeddable":true,"href":"https:\/\/www.derkreativdackel.de\/index.php?rest_route=%2Fwp%2Fv2%2Fcomments&post=28754"}],"version-history":[{"count":304,"href":"https:\/\/www.derkreativdackel.de\/index.php?rest_route=\/wp\/v2\/pages\/28754\/revisions"}],"predecessor-version":[{"id":32436,"href":"https:\/\/www.derkreativdackel.de\/index.php?rest_route=\/wp\/v2\/pages\/28754\/revisions\/32436"}],"wp:attachment":[{"href":"https:\/\/www.derkreativdackel.de\/index.php?rest_route=%2Fwp%2Fv2%2Fmedia&parent=28754"}],"curies":[{"name":"wp","href":"https:\/\/api.w.org\/{rel}","templated":true}]}}